{"id":26188,"date":"2026-02-16T15:07:51","date_gmt":"2026-02-16T12:07:51","guid":{"rendered":"https:\/\/aluminyumkompozitpanel.com\/?page_id=26188"},"modified":"2026-02-16T15:15:41","modified_gmt":"2026-02-16T12:15:41","slug":"a2-aluminium-composite-panel-line","status":"publish","type":"page","link":"https:\/\/aluminyumkompozitpanel.com\/en\/a2-aluminium-composite-panel-line\/","title":{"rendered":"A2 Aluminium Composite Panel Line"},"content":{"rendered":"<div data-elementor-type=\"wp-page\" data-elementor-id=\"26188\" class=\"elementor elementor-26188\" data-elementor-post-type=\"page\">\n\t\t\t\t\t\t<section class=\"elementor-section elementor-top-section elementor-element elementor-element-4a1d8f7 elementor-section-stretched elementor-section-height-min-height elementor-section-content-middle elementor-section-boxed elementor-section-height-default elementor-section-items-middle\" data-id=\"4a1d8f7\" data-element_type=\"section\" data-e-type=\"section\" data-settings=\"{&quot;stretch_section&quot;:&quot;section-stretched&quot;,&quot;background_background&quot;:&quot;classic&quot;}\">\n\t\t\t\t\t\t\t<div class=\"elementor-background-overlay\"><\/div>\n\t\t\t\t\t\t\t<div class=\"elementor-container elementor-column-gap-default\">\n\t\t\t\t\t<div class=\"elementor-column elementor-col-100 elementor-top-column elementor-element elementor-element-fe8cbd8\" data-id=\"fe8cbd8\" data-element_type=\"column\" data-e-type=\"column\">\n\t\t\t<div class=\"elementor-widget-wrap elementor-element-populated\">\n\t\t\t\t\t\t<div class=\"elementor-element elementor-element-b2108e0 elementor-invisible elementor-widget elementor-widget-pix-highlighted-text\" data-id=\"b2108e0\" data-element_type=\"widget\" data-e-type=\"widget\" data-widget_type=\"pix-highlighted-text.default\">\n\t\t\t\t<div class=\"elementor-widget-container\">\n\t\t\t\t\t<div id=\"el-b2108e0\" class=\"pix-highlighted-element text-center\"><div class=\"d-inline-block\" style=\"max-width:1250px;\"><h1 class=\"pix-highlighted-items animate-in\" style=\"\" data-anim-type=\"fade-in-up\" data-anim-delay=\"100\"><span id=\"el-b2108e0-0\"  class=\"elementor-repeater-item-2430d8b\"><span   class=\"pix-highlighted-text  pix-highlight-item font-weight-normal  font-weight-bold heading-font text-white\">A2 Aluminium Composite Panel Line<\/span><\/span><br \/><\/h1><\/div><\/div>\t\t\t\t<\/div>\n\t\t\t\t<\/div>\n\t\t\t\t<div class=\"elementor-element elementor-element-4cc2f60 elementor-invisible elementor-widget elementor-widget-pix-text\" data-id=\"4cc2f60\" data-element_type=\"widget\" data-e-type=\"widget\" data-widget_type=\"pix-text.default\">\n\t\t\t\t<div class=\"elementor-widget-container\">\n\t\t\t\t\t<div class=\"pix-el-text w-100 text-center\" ><p class=\"resp-option text-center\"><div class=\"animate-in d-inline-block\" data-anim-delay=\"0\" data-anim-type=\"fade-in-up\"><p><strong data-start=\"75\" data-end=\"112\">A2 Aluminium Composite Panel Line<\/strong>, is an integrated production system focused on process control and quality standardisation, where mineral-based A2 core and aluminium surfaces are combined with high precision. Thanks to the automatic dosing, homogeneous layer bonding and surface stabilisation processes applied throughout the line; low dimensional tolerance, high surface quality and long-lasting composite panel production is ensured. This production discipline ensures consistent and reliable panel performance for both the Turkish market and export projects.<\/p><\/div><\/p><\/div>\t\t\t\t<\/div>\n\t\t\t\t<\/div>\n\t\t\t\t\t<\/div>\n\t\t<\/div>\n\t\t\t\t\t<\/div>\n\t\t<\/section>\n\t\t\t\t<section class=\"pix-elementor-divider elementor-section elementor-top-section elementor-element elementor-element-4f4a94c elementor-section-content-middle elementor-section-boxed elementor-section-height-default elementor-section-height-default\" data-id=\"4f4a94c\" data-element_type=\"section\" data-e-type=\"section\">\n\t\t\t\t\t\t<div class=\"elementor-container elementor-column-gap-default\">\n\t\t\t\t\t<div class=\"elementor-column elementor-col-100 elementor-top-column elementor-element elementor-element-ad68a10\" data-id=\"ad68a10\" data-element_type=\"column\" data-e-type=\"column\">\n\t\t\t<div class=\"elementor-widget-wrap elementor-element-populated\">\n\t\t\t\t\t\t<div class=\"elementor-element elementor-element-e4de2f6 elementor-widget elementor-widget-pix-img\" data-id=\"e4de2f6\" data-element_type=\"widget\" data-e-type=\"widget\" data-widget_type=\"pix-img.default\">\n\t\t\t\t<div class=\"elementor-widget-container\">\n\t\t\t\t\t<div id=\"el-e4de2f6\" class=\"pix-img-element d-inline-block\" ><div class=\"pix-img-el     center d-inline-block  w-100 rounded-lg\"  ><img fetchpriority=\"high\" decoding=\"async\" width=\"1600\" height=\"667\" src=\"https:\/\/aluminyumkompozitpanel.com\/wp-content\/uploads\/2026\/02\/a2-kompozit-panel-hatti.jpeg\" class=\"pix-img-elem rounded-lg\" alt=\"Image link\" srcset=\"https:\/\/aluminyumkompozitpanel.com\/wp-content\/uploads\/2026\/02\/a2-kompozit-panel-hatti.jpeg 1600w, https:\/\/aluminyumkompozitpanel.com\/wp-content\/uploads\/2026\/02\/a2-kompozit-panel-hatti-300x125.jpeg 300w, https:\/\/aluminyumkompozitpanel.com\/wp-content\/uploads\/2026\/02\/a2-kompozit-panel-hatti-1024x427.jpeg 1024w, https:\/\/aluminyumkompozitpanel.com\/wp-content\/uploads\/2026\/02\/a2-kompozit-panel-hatti-768x320.jpeg 768w, https:\/\/aluminyumkompozitpanel.com\/wp-content\/uploads\/2026\/02\/a2-kompozit-panel-hatti-1536x640.jpeg 1536w, https:\/\/aluminyumkompozitpanel.com\/wp-content\/uploads\/2026\/02\/a2-kompozit-panel-hatti-18x8.jpeg 18w\" sizes=\"(max-width: 1600px) 100vw, 1600px\" \/><\/div><\/div>\t\t\t\t<\/div>\n\t\t\t\t<\/div>\n\t\t\t\t<div class=\"elementor-element elementor-element-ce6ab85 elementor-invisible elementor-widget elementor-widget-pix-badge\" data-id=\"ce6ab85\" data-element_type=\"widget\" data-e-type=\"widget\" data-widget_type=\"pix-badge.default\">\n\t\t\t\t<div class=\"elementor-widget-container\">\n\t\t\t\t\t<div class=\"pix-element-div w-100 text-left\"><span class=\"pix-badge-element h6 d-inline-flex mr-1 animate-in\" data-anim-type=\"fade-in-left\" data-anim-delay=\"0\"><span class=\"badge font-weight-bold secondary-font badge-pill shadow bg-white\" style=\" \"><span class=\"text-heading-default\" style=\"\">A2 Composite Technologies<\/span><\/span><\/span><\/div>\t\t\t\t<\/div>\n\t\t\t\t<\/div>\n\t\t\t\t<div class=\"elementor-element elementor-element-ae255b9 elementor-invisible elementor-widget elementor-widget-pix-highlighted-text\" data-id=\"ae255b9\" data-element_type=\"widget\" data-e-type=\"widget\" data-widget_type=\"pix-highlighted-text.default\">\n\t\t\t\t<div class=\"elementor-widget-container\">\n\t\t\t\t\t<div id=\"el-ae255b9\" class=\"pix-highlighted-element text-left\"><div class=\"d-inline-block\" style=\"max-width:1250px;\"><h2 class=\"pix-highlighted-items animate-in\" style=\"\" data-anim-type=\"fade-in-up\" data-anim-delay=\"100\"><span id=\"el-ae255b9-0\"  class=\"elementor-repeater-item-2430d8b\"><span   class=\"pix-highlighted-text  pix-highlight-item font-weight-normal  font-weight-bold heading-font text-heading-default\">A2 Aluminium Composite Panel Line<\/span><\/span><\/h2><\/div><\/div>\t\t\t\t<\/div>\n\t\t\t\t<\/div>\n\t\t\t\t<div class=\"elementor-element elementor-element-031dc4c elementor-invisible elementor-widget elementor-widget-pix-text\" data-id=\"031dc4c\" data-element_type=\"widget\" data-e-type=\"widget\" data-widget_type=\"pix-text.default\">\n\t\t\t\t<div class=\"elementor-widget-container\">\n\t\t\t\t\t<div class=\"pix-el-text w-100 text-left\" ><p class=\"resp-option text-left\"><div class=\"animate-in d-inline-block\" data-anim-delay=\"0\" data-anim-type=\"fade-in-up\"><div>A2 Aluminium Composite Panel Line is an integrated lamination system designed for the production of fireproof (A2 class) aluminium composite panels. It enables the joining of mineral based A2 filler material and aluminium sheets under controlled temperature and pressure.<\/div><div>\u00a0<\/div><div>The line is designed for stable laminating of high density and high mineral content fillers. Temperature, pressure and line speed are controlled throughout the process to ensure homogenous adhesion and dimensional stability throughout the panel.<\/div><div>\u00a0<\/div><div>The system consists of sheet feeding, surface preparation, adhesive application, lamination, calibration, cooling and cutting units. Thanks to its industrial design suitable for continuous production, it provides efficient and repeatable production.<\/div><div>\u00a0<\/div><div>Line Properties:<\/div><div>-Lamination substructure suitable for class A2 filling material<\/div><div>-Controlled temperature and pressure management<\/div><div>-Automatic thickness control<\/div><div>-Continuous and stable production<\/div><div>-Design suitable for industrial capacity<\/div><div>-Project-based configuration options<\/div><div>\u00a0<\/div><div>Technical details such as capacity, panel thickness and line width are determined according to project requirements.<\/div><\/div><\/p><\/div>\t\t\t\t<\/div>\n\t\t\t\t<\/div>\n\t\t\t\t\t<\/div>\n\t\t<\/div>\n\t\t\t\t\t<\/div>\n\t\t<\/section>\n\t\t<div class=\"pix-divider  position-relative pix-bottom-divider elementor-element elementor-element-4f4a94c\" data-style=\"style-25\" ><svg xmlns=\"http:\/\/www.w3.org\/2000\/svg\" width=\"100%\"  viewbox=\"0 0 300 121\" preserveaspectratio=\"none\"><g class=\"pix-divider-layer-3\" fill=\"url(#divider-pix-accordion-292099-bottom-overlay-layer-3)\" ><ellipse cx=\"222\" cy=\"44.9535604\" rx=\"45\" ry=\"44.9535604\"><\/ellipse><\/g><g class=\"pix-divider-layer-2\" fill=\"url(#divider-pix-accordion-292099-bottom-overlay-layer-2)\" ><path d=\"M39.1875,109.574303 C39.1875,87.9539798 21.6426586,70.4272446 0,70.4272446 C0,83.5386997 0,96.5877193 0,109.574303 C12.875,109.574303 25.9375,109.574303 39.1875,109.574303 Z\"><\/path><\/g><g class=\"pix-divider-layer-1\" fill=\"#FFFFFF00\" ><path d=\"M0,121 L300,121 C300,86.5356037 300,56.4416925 300,30.7182663 C256.404023,30.7182663 221.0625,66.0233167 221.0625,109.574303 C210.5625,109.574303 136.875,109.574303 0,109.574303 L0,121 Z\"><\/path><\/g><defs><lineargradient id=\"divider-pix-accordion-292099-bottom-overlay-layer-3\" x1=\"0%\" y1=\"0%\" x2=\"100%\" y2=\"0%\"><stop offset=\"0%\"   stop-color=\"#FFFFFF03\"\/><stop offset=\"100%\"   stop-color=\"#3BE8B040\"\/><\/lineargradient><lineargradient id=\"divider-pix-accordion-292099-bottom-overlay-layer-2\" x1=\"0%\" y1=\"0%\" x2=\"100%\" y2=\"0%\"><stop offset=\"0%\"   stop-color=\"#E9ECEF\"\/><stop offset=\"100%\"   stop-color=\"#ffffff\"\/><\/lineargradient><\/defs><\/svg><\/div><div class=\"elementor-element elementor-element-9a6f6f2 e-flex e-con-boxed e-con e-parent\" data-id=\"9a6f6f2\" data-element_type=\"container\" data-e-type=\"container\">\n\t\t\t\t\t<div class=\"e-con-inner\">\n\t\t\t\t<div class=\"elementor-element elementor-element-4c68261 elementor-widget elementor-widget-pix-marquee\" data-id=\"4c68261\" data-element_type=\"widget\" data-e-type=\"widget\" data-widget_type=\"pix-marquee.default\">\n\t\t\t\t<div class=\"elementor-widget-container\">\n\t\t\t\t\t<div id=\"el-4c68261\" class=\"pix-marquee-element d-flex\" ><div class=\"pix-marquee\" data-base-velocity=\"100\" data-speed=\"35\"><div class=\"marquee__inner\" aria-hidden=\"true\"><h3 class=\"pix-marquee-item text-gray-3 font-weight-bold heading-font\" style=\"\">Composite <br \/> Panel<\/h3><h3 class=\"pix-marquee-item el-4c68261-1  elementor-repeater-item-69083f8 text-gray-3\"><img decoding=\"async\" width=\"579\" height=\"750\" src=\"https:\/\/aluminyumkompozitpanel.com\/wp-content\/uploads\/2026\/01\/kompozit-kaplama-bina-insaat.jpg\" class=\"pix-fit-cover shadow-lg shadow-hover-lg fly-sm d-inline-block position-relative rounded-10\" alt=\"composite-cladding-building-construction\" srcset=\"https:\/\/aluminyumkompozitpanel.com\/wp-content\/uploads\/2026\/01\/kompozit-kaplama-bina-insaat.jpg 579w, https:\/\/aluminyumkompozitpanel.com\/wp-content\/uploads\/2026\/01\/kompozit-kaplama-bina-insaat-232x300.jpg 232w\" sizes=\"(max-width: 579px) 100vw, 579px\" \/><\/h3><h3 class=\"pix-marquee-item text-gray-3 font-weight-bold heading-font\" style=\"\">White Goods<br \/> Production<\/h3><h3 class=\"pix-marquee-item el-4c68261-3  elementor-repeater-item-5a2822f text-gray-3\"><img decoding=\"async\" width=\"1000\" height=\"677\" src=\"https:\/\/aluminyumkompozitpanel.com\/wp-content\/uploads\/2026\/01\/aluminyum-kompozit-a2-sinif.jpg\" class=\"pix-fit-cover shadow-lg shadow-hover-lg fly-sm d-inline-block position-relative rounded-10\" alt=\"aluminium-composite-a2-grade\" srcset=\"https:\/\/aluminyumkompozitpanel.com\/wp-content\/uploads\/2026\/01\/aluminyum-kompozit-a2-sinif.jpg 1000w, https:\/\/aluminyumkompozitpanel.com\/wp-content\/uploads\/2026\/01\/aluminyum-kompozit-a2-sinif-300x203.jpg 300w, https:\/\/aluminyumkompozitpanel.com\/wp-content\/uploads\/2026\/01\/aluminyum-kompozit-a2-sinif-768x520.jpg 768w\" sizes=\"(max-width: 1000px) 100vw, 1000px\" \/><\/h3><h3 class=\"pix-marquee-item text-gray-3 font-weight-bold heading-font\" style=\"\">Exterior Facade<br \/> Applications<\/h3><h3 class=\"pix-marquee-item el-4c68261-5  elementor-repeater-item-5914b5a text-gray-3\"><img loading=\"lazy\" decoding=\"async\" width=\"750\" height=\"1000\" src=\"https:\/\/aluminyumkompozitpanel.com\/wp-content\/uploads\/2026\/01\/aluminyum-kompozit-detaylari.jpg\" class=\"pix-fit-cover shadow-lg shadow-hover-lg fly-sm d-inline-block position-relative rounded-10\" alt=\"aluminium-composite-details\" srcset=\"https:\/\/aluminyumkompozitpanel.com\/wp-content\/uploads\/2026\/01\/aluminyum-kompozit-detaylari.jpg 750w, https:\/\/aluminyumkompozitpanel.com\/wp-content\/uploads\/2026\/01\/aluminyum-kompozit-detaylari-225x300.jpg 225w\" sizes=\"(max-width: 750px) 100vw, 750px\" \/><\/h3><h3 class=\"pix-marquee-item text-gray-3 font-weight-bold heading-font\" style=\"\">Aluminium  <br \/> Panel<\/h3><h3 class=\"pix-marquee-item el-4c68261-7  elementor-repeater-item-28540ae text-gray-3\"><img loading=\"lazy\" decoding=\"async\" width=\"1000\" height=\"667\" src=\"https:\/\/aluminyumkompozitpanel.com\/wp-content\/uploads\/2026\/01\/aluminyum-kompozit-dis-cephe-uygulamasi.jpg\" class=\"pix-fit-cover shadow-lg shadow-hover-lg fly-sm d-inline-block position-relative rounded-10\" alt=\"aluminium-composite-exterior-facade-application\" srcset=\"https:\/\/aluminyumkompozitpanel.com\/wp-content\/uploads\/2026\/01\/aluminyum-kompozit-dis-cephe-uygulamasi.jpg 1000w, https:\/\/aluminyumkompozitpanel.com\/wp-content\/uploads\/2026\/01\/aluminyum-kompozit-dis-cephe-uygulamasi-300x200.jpg 300w, https:\/\/aluminyumkompozitpanel.com\/wp-content\/uploads\/2026\/01\/aluminyum-kompozit-dis-cephe-uygulamasi-768x512.jpg 768w\" sizes=\"(max-width: 1000px) 100vw, 1000px\" \/><\/h3><\/div><\/div><\/div>\t\t\t\t<\/div>\n\t\t\t\t<\/div>\n\t\t\t\t\t<\/div>\n\t\t\t\t<\/div>\n\t\t\t\t<\/div>","protected":false},"excerpt":{"rendered":"<p>A2 Al\u00fcminyum Kompozit Panel Hatt\u0131, mineral esasl\u0131 A2 core \u00e7ekirdek ile al\u00fcminyum y\u00fczeylerin y\u00fcksek hassasiyetle birle\u015ftirildi\u011fi, proses kontrol\u00fc ve kalite standardizasyonu odakl\u0131 entegre \u00fcretim sistemidir. Hat boyunca uygulanan otomatik dozajlama, homojen katman birle\u015ftirme ve y\u00fczey stabilizasyon s\u00fcre\u00e7leri sayesinde; \u00f6l\u00e7\u00fc tolerans\u0131&#8230;<\/p>","protected":false},"author":1,"featured_media":0,"parent":0,"menu_order":0,"comment_status":"closed","ping_status":"closed","template":"","meta":{"footnotes":""},"class_list":["post-26188","page","type-page","status-publish","hentry"],"yoast_head":"<!-- This site is optimized with the Yoast SEO plugin v27.4 - https:\/\/yoast.com\/product\/yoast-seo-wordpress\/ -->\n<title>A2 Aluminyum Kompozit Panel Hatt\u0131 - a2 Core Al\u00fcminyum Kompozit Panel<\/title>\n<meta name=\"robots\" content=\"index, follow, max-snippet:-1, max-image-preview:large, max-video-preview:-1\" \/>\n<link rel=\"canonical\" href=\"https:\/\/aluminyumkompozitpanel.com\/en\/a2-aluminium-composite-panel-line\/\" \/>\n<meta property=\"og:locale\" content=\"en_GB\" \/>\n<meta property=\"og:type\" content=\"article\" \/>\n<meta property=\"og:title\" content=\"A2 Aluminyum Kompozit Panel Hatt\u0131 - a2 Core Al\u00fcminyum Kompozit Panel\" \/>\n<meta property=\"og:description\" content=\"A2 Al\u00fcminyum Kompozit Panel Hatt\u0131, mineral esasl\u0131 A2 core \u00e7ekirdek ile al\u00fcminyum y\u00fczeylerin y\u00fcksek hassasiyetle birle\u015ftirildi\u011fi, proses kontrol\u00fc ve kalite standardizasyonu odakl\u0131 entegre \u00fcretim sistemidir. Hat boyunca uygulanan otomatik dozajlama, homojen katman birle\u015ftirme ve y\u00fczey stabilizasyon s\u00fcre\u00e7leri sayesinde; \u00f6l\u00e7\u00fc tolerans\u0131...\" \/>\n<meta property=\"og:url\" content=\"https:\/\/aluminyumkompozitpanel.com\/en\/a2-aluminium-composite-panel-line\/\" \/>\n<meta property=\"og:site_name\" content=\"a2 Core Al\u00fcminyum Kompozit Panel\" \/>\n<meta property=\"article:modified_time\" content=\"2026-02-16T12:15:41+00:00\" \/>\n<meta property=\"og:image\" content=\"https:\/\/aluminyumkompozitpanel.com\/wp-content\/uploads\/2026\/02\/a2-kompozit-panel-hatti.jpeg\" \/>\n<meta name=\"twitter:card\" content=\"summary_large_image\" \/>\n<meta name=\"twitter:label1\" content=\"Estimated reading time\" \/>\n\t<meta name=\"twitter:data1\" content=\"4 minutes\" \/>\n<script type=\"application\/ld+json\" class=\"yoast-schema-graph\">{\"@context\":\"https:\\\/\\\/schema.org\",\"@graph\":[{\"@type\":\"WebPage\",\"@id\":\"https:\\\/\\\/aluminyumkompozitpanel.com\\\/a2-aluminyum-kompozit-panel-hatti\\\/\",\"url\":\"https:\\\/\\\/aluminyumkompozitpanel.com\\\/a2-aluminyum-kompozit-panel-hatti\\\/\",\"name\":\"A2 Aluminyum Kompozit Panel Hatt\u0131 - a2 Core Al\u00fcminyum Kompozit Panel\",\"isPartOf\":{\"@id\":\"https:\\\/\\\/aluminyumkompozitpanel.com\\\/#website\"},\"primaryImageOfPage\":{\"@id\":\"https:\\\/\\\/aluminyumkompozitpanel.com\\\/a2-aluminyum-kompozit-panel-hatti\\\/#primaryimage\"},\"image\":{\"@id\":\"https:\\\/\\\/aluminyumkompozitpanel.com\\\/a2-aluminyum-kompozit-panel-hatti\\\/#primaryimage\"},\"thumbnailUrl\":\"https:\\\/\\\/aluminyumkompozitpanel.com\\\/wp-content\\\/uploads\\\/2026\\\/02\\\/a2-kompozit-panel-hatti.jpeg\",\"datePublished\":\"2026-02-16T12:07:51+00:00\",\"dateModified\":\"2026-02-16T12:15:41+00:00\",\"breadcrumb\":{\"@id\":\"https:\\\/\\\/aluminyumkompozitpanel.com\\\/a2-aluminyum-kompozit-panel-hatti\\\/#breadcrumb\"},\"inLanguage\":\"en-GB\",\"potentialAction\":[{\"@type\":\"ReadAction\",\"target\":[\"https:\\\/\\\/aluminyumkompozitpanel.com\\\/a2-aluminyum-kompozit-panel-hatti\\\/\"]}]},{\"@type\":\"ImageObject\",\"inLanguage\":\"en-GB\",\"@id\":\"https:\\\/\\\/aluminyumkompozitpanel.com\\\/a2-aluminyum-kompozit-panel-hatti\\\/#primaryimage\",\"url\":\"https:\\\/\\\/aluminyumkompozitpanel.com\\\/wp-content\\\/uploads\\\/2026\\\/02\\\/a2-kompozit-panel-hatti.jpeg\",\"contentUrl\":\"https:\\\/\\\/aluminyumkompozitpanel.com\\\/wp-content\\\/uploads\\\/2026\\\/02\\\/a2-kompozit-panel-hatti.jpeg\"},{\"@type\":\"BreadcrumbList\",\"@id\":\"https:\\\/\\\/aluminyumkompozitpanel.com\\\/a2-aluminyum-kompozit-panel-hatti\\\/#breadcrumb\",\"itemListElement\":[{\"@type\":\"ListItem\",\"position\":1,\"name\":\"Anasayfa\",\"item\":\"https:\\\/\\\/aluminyumkompozitpanel.com\\\/\"},{\"@type\":\"ListItem\",\"position\":2,\"name\":\"A2 Aluminyum Kompozit Panel Hatt\u0131\"}]},{\"@type\":\"WebSite\",\"@id\":\"https:\\\/\\\/aluminyumkompozitpanel.com\\\/#website\",\"url\":\"https:\\\/\\\/aluminyumkompozitpanel.com\\\/\",\"name\":\"A2 Core & B1\\\/B2 S\u0131n\u0131f\u0131 Al\u00fcminyum Kompozit Panel\",\"description\":\"Kompozit Panel \u00dcreticisi\",\"publisher\":{\"@id\":\"https:\\\/\\\/aluminyumkompozitpanel.com\\\/#organization\"},\"potentialAction\":[{\"@type\":\"SearchAction\",\"target\":{\"@type\":\"EntryPoint\",\"urlTemplate\":\"https:\\\/\\\/aluminyumkompozitpanel.com\\\/?s={search_term_string}\"},\"query-input\":{\"@type\":\"PropertyValueSpecification\",\"valueRequired\":true,\"valueName\":\"search_term_string\"}}],\"inLanguage\":\"en-GB\"},{\"@type\":\"Organization\",\"@id\":\"https:\\\/\\\/aluminyumkompozitpanel.com\\\/#organization\",\"name\":\"A2 Kompozit Teknolojileri\",\"url\":\"https:\\\/\\\/aluminyumkompozitpanel.com\\\/\",\"logo\":{\"@type\":\"ImageObject\",\"inLanguage\":\"en-GB\",\"@id\":\"https:\\\/\\\/aluminyumkompozitpanel.com\\\/#\\\/schema\\\/logo\\\/image\\\/\",\"url\":\"https:\\\/\\\/aluminyumkompozitpanel.com\\\/wp-content\\\/uploads\\\/2026\\\/01\\\/a2core-logo.png\",\"contentUrl\":\"https:\\\/\\\/aluminyumkompozitpanel.com\\\/wp-content\\\/uploads\\\/2026\\\/01\\\/a2core-logo.png\",\"width\":254,\"height\":147,\"caption\":\"A2 Kompozit Teknolojileri\"},\"image\":{\"@id\":\"https:\\\/\\\/aluminyumkompozitpanel.com\\\/#\\\/schema\\\/logo\\\/image\\\/\"}}]}<\/script>\n<!-- \/ Yoast SEO plugin. -->","yoast_head_json":{"title":"A2 Aluminium Composite Panel Line - a2 Core Aluminium Composite Panel","robots":{"index":"index","follow":"follow","max-snippet":"max-snippet:-1","max-image-preview":"max-image-preview:large","max-video-preview":"max-video-preview:-1"},"canonical":"https:\/\/aluminyumkompozitpanel.com\/en\/a2-aluminium-composite-panel-line\/","og_locale":"en_GB","og_type":"article","og_title":"A2 Aluminyum Kompozit Panel Hatt\u0131 - a2 Core Al\u00fcminyum Kompozit Panel","og_description":"A2 Al\u00fcminyum Kompozit Panel Hatt\u0131, mineral esasl\u0131 A2 core \u00e7ekirdek ile al\u00fcminyum y\u00fczeylerin y\u00fcksek hassasiyetle birle\u015ftirildi\u011fi, proses kontrol\u00fc ve kalite standardizasyonu odakl\u0131 entegre \u00fcretim sistemidir. Hat boyunca uygulanan otomatik dozajlama, homojen katman birle\u015ftirme ve y\u00fczey stabilizasyon s\u00fcre\u00e7leri sayesinde; \u00f6l\u00e7\u00fc tolerans\u0131...","og_url":"https:\/\/aluminyumkompozitpanel.com\/en\/a2-aluminium-composite-panel-line\/","og_site_name":"a2 Core Al\u00fcminyum Kompozit Panel","article_modified_time":"2026-02-16T12:15:41+00:00","og_image":[{"url":"https:\/\/aluminyumkompozitpanel.com\/wp-content\/uploads\/2026\/02\/a2-kompozit-panel-hatti.jpeg","type":"","width":"","height":""}],"twitter_card":"summary_large_image","twitter_misc":{"Estimated reading time":"4 minutes"},"schema":{"@context":"https:\/\/schema.org","@graph":[{"@type":"WebPage","@id":"https:\/\/aluminyumkompozitpanel.com\/a2-aluminyum-kompozit-panel-hatti\/","url":"https:\/\/aluminyumkompozitpanel.com\/a2-aluminyum-kompozit-panel-hatti\/","name":"A2 Aluminium Composite Panel Line - a2 Core Aluminium Composite Panel","isPartOf":{"@id":"https:\/\/aluminyumkompozitpanel.com\/#website"},"primaryImageOfPage":{"@id":"https:\/\/aluminyumkompozitpanel.com\/a2-aluminyum-kompozit-panel-hatti\/#primaryimage"},"image":{"@id":"https:\/\/aluminyumkompozitpanel.com\/a2-aluminyum-kompozit-panel-hatti\/#primaryimage"},"thumbnailUrl":"https:\/\/aluminyumkompozitpanel.com\/wp-content\/uploads\/2026\/02\/a2-kompozit-panel-hatti.jpeg","datePublished":"2026-02-16T12:07:51+00:00","dateModified":"2026-02-16T12:15:41+00:00","breadcrumb":{"@id":"https:\/\/aluminyumkompozitpanel.com\/a2-aluminyum-kompozit-panel-hatti\/#breadcrumb"},"inLanguage":"en-GB","potentialAction":[{"@type":"ReadAction","target":["https:\/\/aluminyumkompozitpanel.com\/a2-aluminyum-kompozit-panel-hatti\/"]}]},{"@type":"ImageObject","inLanguage":"en-GB","@id":"https:\/\/aluminyumkompozitpanel.com\/a2-aluminyum-kompozit-panel-hatti\/#primaryimage","url":"https:\/\/aluminyumkompozitpanel.com\/wp-content\/uploads\/2026\/02\/a2-kompozit-panel-hatti.jpeg","contentUrl":"https:\/\/aluminyumkompozitpanel.com\/wp-content\/uploads\/2026\/02\/a2-kompozit-panel-hatti.jpeg"},{"@type":"BreadcrumbList","@id":"https:\/\/aluminyumkompozitpanel.com\/a2-aluminyum-kompozit-panel-hatti\/#breadcrumb","itemListElement":[{"@type":"ListItem","position":1,"name":"Anasayfa","item":"https:\/\/aluminyumkompozitpanel.com\/"},{"@type":"ListItem","position":2,"name":"A2 Aluminyum Kompozit Panel Hatt\u0131"}]},{"@type":"WebSite","@id":"https:\/\/aluminyumkompozitpanel.com\/#website","url":"https:\/\/aluminyumkompozitpanel.com\/","name":"A2 Core &amp; B1\/B2 Class Aluminium Composite Panel","description":"Composite Panel Manufacturer","publisher":{"@id":"https:\/\/aluminyumkompozitpanel.com\/#organization"},"potentialAction":[{"@type":"SearchAction","target":{"@type":"EntryPoint","urlTemplate":"https:\/\/aluminyumkompozitpanel.com\/?s={search_term_string}"},"query-input":{"@type":"PropertyValueSpecification","valueRequired":true,"valueName":"search_term_string"}}],"inLanguage":"en-GB"},{"@type":"Organization","@id":"https:\/\/aluminyumkompozitpanel.com\/#organization","name":"A2 Composite Technologies","url":"https:\/\/aluminyumkompozitpanel.com\/","logo":{"@type":"ImageObject","inLanguage":"en-GB","@id":"https:\/\/aluminyumkompozitpanel.com\/#\/schema\/logo\/image\/","url":"https:\/\/aluminyumkompozitpanel.com\/wp-content\/uploads\/2026\/01\/a2core-logo.png","contentUrl":"https:\/\/aluminyumkompozitpanel.com\/wp-content\/uploads\/2026\/01\/a2core-logo.png","width":254,"height":147,"caption":"A2 Kompozit Teknolojileri"},"image":{"@id":"https:\/\/aluminyumkompozitpanel.com\/#\/schema\/logo\/image\/"}}]}},"_links":{"self":[{"href":"https:\/\/aluminyumkompozitpanel.com\/en\/wp-json\/wp\/v2\/pages\/26188","targetHints":{"allow":["GET"]}}],"collection":[{"href":"https:\/\/aluminyumkompozitpanel.com\/en\/wp-json\/wp\/v2\/pages"}],"about":[{"href":"https:\/\/aluminyumkompozitpanel.com\/en\/wp-json\/wp\/v2\/types\/page"}],"author":[{"embeddable":true,"href":"https:\/\/aluminyumkompozitpanel.com\/en\/wp-json\/wp\/v2\/users\/1"}],"replies":[{"embeddable":true,"href":"https:\/\/aluminyumkompozitpanel.com\/en\/wp-json\/wp\/v2\/comments?post=26188"}],"version-history":[{"count":7,"href":"https:\/\/aluminyumkompozitpanel.com\/en\/wp-json\/wp\/v2\/pages\/26188\/revisions"}],"predecessor-version":[{"id":26197,"href":"https:\/\/aluminyumkompozitpanel.com\/en\/wp-json\/wp\/v2\/pages\/26188\/revisions\/26197"}],"wp:attachment":[{"href":"https:\/\/aluminyumkompozitpanel.com\/en\/wp-json\/wp\/v2\/media?parent=26188"}],"curies":[{"name":"wp","href":"https:\/\/api.w.org\/{rel}","templated":true}]}}