{"id":26153,"date":"2026-02-13T12:53:26","date_gmt":"2026-02-13T09:53:26","guid":{"rendered":"https:\/\/aluminyumkompozitpanel.com\/?page_id=26153"},"modified":"2026-02-16T15:03:54","modified_gmt":"2026-02-16T12:03:54","slug":"a2-class-filling-material","status":"publish","type":"page","link":"https:\/\/aluminyumkompozitpanel.com\/en\/products\/a2-class-filling-material\/","title":{"rendered":"A2 Class Filler Material"},"content":{"rendered":"<div data-elementor-type=\"wp-page\" data-elementor-id=\"26153\" class=\"elementor elementor-26153\" data-elementor-post-type=\"page\">\n\t\t\t\t\t\t<section class=\"elementor-section elementor-top-section elementor-element elementor-element-d62aa6d elementor-section-stretched elementor-section-height-min-height elementor-section-content-middle elementor-section-boxed elementor-section-height-default elementor-section-items-middle\" data-id=\"d62aa6d\" data-element_type=\"section\" data-e-type=\"section\" data-settings=\"{&quot;stretch_section&quot;:&quot;section-stretched&quot;,&quot;background_background&quot;:&quot;classic&quot;}\">\n\t\t\t\t\t\t\t<div class=\"elementor-background-overlay\"><\/div>\n\t\t\t\t\t\t\t<div class=\"elementor-container elementor-column-gap-default\">\n\t\t\t\t\t<div class=\"elementor-column elementor-col-100 elementor-top-column elementor-element elementor-element-5d45e75\" data-id=\"5d45e75\" data-element_type=\"column\" data-e-type=\"column\">\n\t\t\t<div class=\"elementor-widget-wrap elementor-element-populated\">\n\t\t\t\t\t\t<div class=\"elementor-element elementor-element-e4a832d elementor-invisible elementor-widget elementor-widget-pix-highlighted-text\" data-id=\"e4a832d\" data-element_type=\"widget\" data-e-type=\"widget\" data-widget_type=\"pix-highlighted-text.default\">\n\t\t\t\t<div class=\"elementor-widget-container\">\n\t\t\t\t\t<div id=\"el-e4a832d\" class=\"pix-highlighted-element text-center\"><div class=\"d-inline-block\" style=\"max-width:1250px;\"><h1 class=\"pix-highlighted-items animate-in\" style=\"\" data-anim-type=\"fade-in-up\" data-anim-delay=\"100\"><span id=\"el-e4a832d-0\"  class=\"elementor-repeater-item-2430d8b\"><span   class=\"pix-highlighted-text  pix-highlight-item font-weight-normal  font-weight-bold heading-font text-white\">A2 Class Filler Material<\/span><\/span><br \/><\/h1><\/div><\/div>\t\t\t\t<\/div>\n\t\t\t\t<\/div>\n\t\t\t\t<div class=\"elementor-element elementor-element-0c1ebd6 elementor-invisible elementor-widget elementor-widget-pix-text\" data-id=\"0c1ebd6\" data-element_type=\"widget\" data-e-type=\"widget\" data-widget_type=\"pix-text.default\">\n\t\t\t\t<div class=\"elementor-widget-container\">\n\t\t\t\t\t<div class=\"pix-el-text w-100 text-center\" ><p class=\"resp-option text-center\"><div class=\"animate-in d-inline-block\" data-anim-delay=\"0\" data-anim-type=\"fade-in-up\"><p><strong data-start=\"565\" data-end=\"594\">A2 class filling material<\/strong>, is a mineral-based core solution developed for projects with high fire performance requirements in aluminium composite panel production. This filling structure, which is the main component that determines the behaviour of the panel against fire, is preferred in safety-oriented architectural and industrial applications.<\/p><\/div><\/p><\/div>\t\t\t\t<\/div>\n\t\t\t\t<\/div>\n\t\t\t\t\t<\/div>\n\t\t<\/div>\n\t\t\t\t\t<\/div>\n\t\t<\/section>\n\t\t\t\t<section class=\"pix-elementor-divider elementor-section elementor-top-section elementor-element elementor-element-7a7860a elementor-section-content-middle elementor-section-boxed elementor-section-height-default elementor-section-height-default\" data-id=\"7a7860a\" data-element_type=\"section\" data-e-type=\"section\">\n\t\t\t\t\t\t<div class=\"elementor-container elementor-column-gap-default\">\n\t\t\t\t\t<div class=\"elementor-column elementor-col-50 elementor-top-column elementor-element elementor-element-636aca7\" data-id=\"636aca7\" data-element_type=\"column\" data-e-type=\"column\">\n\t\t\t<div class=\"elementor-widget-wrap elementor-element-populated\">\n\t\t\t\t\t\t<div class=\"elementor-element elementor-element-6efa60e elementor-invisible elementor-widget elementor-widget-pix-badge\" data-id=\"6efa60e\" data-element_type=\"widget\" data-e-type=\"widget\" data-widget_type=\"pix-badge.default\">\n\t\t\t\t<div class=\"elementor-widget-container\">\n\t\t\t\t\t<div class=\"pix-element-div w-100 text-left\"><span class=\"pix-badge-element h6 d-inline-flex mr-1 animate-in\" data-anim-type=\"fade-in-left\" data-anim-delay=\"0\"><span class=\"badge font-weight-bold secondary-font badge-pill shadow bg-white\" style=\" \"><span class=\"text-heading-default\" style=\"\">A2 Composite Technologies<\/span><\/span><\/span><\/div>\t\t\t\t<\/div>\n\t\t\t\t<\/div>\n\t\t\t\t<div class=\"elementor-element elementor-element-8122271 elementor-invisible elementor-widget elementor-widget-pix-highlighted-text\" data-id=\"8122271\" data-element_type=\"widget\" data-e-type=\"widget\" data-widget_type=\"pix-highlighted-text.default\">\n\t\t\t\t<div class=\"elementor-widget-container\">\n\t\t\t\t\t<div id=\"el-8122271\" class=\"pix-highlighted-element text-left\"><div class=\"d-inline-block\" style=\"max-width:1250px;\"><h2 class=\"pix-highlighted-items animate-in\" style=\"\" data-anim-type=\"fade-in-up\" data-anim-delay=\"100\"><span id=\"el-8122271-0\"  class=\"elementor-repeater-item-2430d8b\"><span   class=\"pix-highlighted-text  pix-highlight-item font-weight-normal  font-weight-bold heading-font text-heading-default\">What is Class A2 Filling Material?<\/span><\/span><\/h2><\/div><\/div>\t\t\t\t<\/div>\n\t\t\t\t<\/div>\n\t\t\t\t<div class=\"elementor-element elementor-element-2115f79 elementor-invisible elementor-widget elementor-widget-pix-text\" data-id=\"2115f79\" data-element_type=\"widget\" data-e-type=\"widget\" data-widget_type=\"pix-text.default\">\n\t\t\t\t<div class=\"elementor-widget-container\">\n\t\t\t\t\t<div class=\"pix-el-text w-100 text-left\" ><p class=\"resp-option text-left\"><div class=\"animate-in d-inline-block\" data-anim-delay=\"0\" data-anim-type=\"fade-in-up\"><p>A2 Core is a mineral-based, non-combustible composite panel core developed for projects requiring high fire resistance. It is designed to meet Euroclass A2 requirements.<\/p><p>It offers high density, low heat dissipation and superior fire performance. It is ideal for solutions prioritising safety and regulatory compliance in facade projects.<\/p><p>For detailed technical information, please visit our A2 Core website.<\/p><p>For detailed information <a href=\"http:\/\/www.a2core.com\" target=\"_blank\" rel=\"noopener\">Click here.<\/a><\/p><\/div><\/p><\/div>\t\t\t\t<\/div>\n\t\t\t\t<\/div>\n\t\t\t\t\t<\/div>\n\t\t<\/div>\n\t\t\t\t<div class=\"elementor-column elementor-col-50 elementor-top-column elementor-element elementor-element-0069d74\" data-id=\"0069d74\" data-element_type=\"column\" data-e-type=\"column\">\n\t\t\t<div class=\"elementor-widget-wrap elementor-element-populated\">\n\t\t\t\t\t\t<div class=\"elementor-element elementor-element-3815823 elementor-widget elementor-widget-pix-photo-stack\" data-id=\"3815823\" data-element_type=\"widget\" data-e-type=\"widget\" data-widget_type=\"pix-photo-stack.default\">\n\t\t\t\t<div class=\"elementor-widget-container\">\n\t\t\t\t\t<div class=\"pix-photo-stack position-relative w-100 d-inline-block pix-img-2\"><div class=\"img-el\" ><img fetchpriority=\"high\" decoding=\"async\" width=\"1250\" height=\"772\" class=\"rounded-lg shadow-sm d-inline-block\" srcset=\"https:\/\/aluminyumkompozitpanel.com\/wp-content\/uploads\/2026\/01\/b2-sinifi-aluminyum-kompozit-panel-ureticisi-300x185.jpg 300w, https:\/\/aluminyumkompozitpanel.com\/wp-content\/uploads\/2026\/01\/b2-sinifi-aluminyum-kompozit-panel-ureticisi-1024x632.jpg 1024w, https:\/\/aluminyumkompozitpanel.com\/wp-content\/uploads\/2026\/01\/b2-sinifi-aluminyum-kompozit-panel-ureticisi-768x474.jpg 768w, https:\/\/aluminyumkompozitpanel.com\/wp-content\/uploads\/2026\/01\/b2-sinifi-aluminyum-kompozit-panel-ureticisi.jpg 1250w\" src=\"https:\/\/aluminyumkompozitpanel.com\/wp-content\/uploads\/2026\/01\/b2-sinifi-aluminyum-kompozit-panel-ureticisi.jpg\" alt=\"a2 class aluminium composite panel\" \/><\/div><div class=\"img-el\" ><img decoding=\"async\" width=\"579\" height=\"750\" class=\"rounded-lg shadow-sm d-inline-block\" srcset=\"https:\/\/aluminyumkompozitpanel.com\/wp-content\/uploads\/2026\/01\/kompozit-kaplama-bina-insaat-232x300.jpg 232w, https:\/\/aluminyumkompozitpanel.com\/wp-content\/uploads\/2026\/01\/kompozit-kaplama-bina-insaat.jpg 579w\" src=\"https:\/\/aluminyumkompozitpanel.com\/wp-content\/uploads\/2026\/01\/kompozit-kaplama-bina-insaat.jpg\" alt=\"a2 class aluminium composite panel\" \/><\/div><\/div>\t\t\t\t<\/div>\n\t\t\t\t<\/div>\n\t\t\t\t\t<\/div>\n\t\t<\/div>\n\t\t\t\t\t<\/div>\n\t\t<\/section>\n\t\t<div class=\"pix-divider  position-relative pix-bottom-divider elementor-element elementor-element-7a7860a\" data-style=\"style-25\" ><svg xmlns=\"http:\/\/www.w3.org\/2000\/svg\" width=\"100%\"  viewbox=\"0 0 300 121\" preserveaspectratio=\"none\"><g class=\"pix-divider-layer-3\" fill=\"url(#divider-pix-accordion-787158-bottom-overlay-layer-3)\" ><ellipse cx=\"222\" cy=\"44.9535604\" rx=\"45\" ry=\"44.9535604\"><\/ellipse><\/g><g class=\"pix-divider-layer-2\" fill=\"url(#divider-pix-accordion-787158-bottom-overlay-layer-2)\" ><path d=\"M39.1875,109.574303 C39.1875,87.9539798 21.6426586,70.4272446 0,70.4272446 C0,83.5386997 0,96.5877193 0,109.574303 C12.875,109.574303 25.9375,109.574303 39.1875,109.574303 Z\"><\/path><\/g><g class=\"pix-divider-layer-1\" fill=\"#FFFFFF00\" ><path d=\"M0,121 L300,121 C300,86.5356037 300,56.4416925 300,30.7182663 C256.404023,30.7182663 221.0625,66.0233167 221.0625,109.574303 C210.5625,109.574303 136.875,109.574303 0,109.574303 L0,121 Z\"><\/path><\/g><defs><lineargradient id=\"divider-pix-accordion-787158-bottom-overlay-layer-3\" x1=\"0%\" y1=\"0%\" x2=\"100%\" y2=\"0%\"><stop offset=\"0%\"   stop-color=\"#FFFFFF03\"\/><stop offset=\"100%\"   stop-color=\"#3BE8B040\"\/><\/lineargradient><lineargradient id=\"divider-pix-accordion-787158-bottom-overlay-layer-2\" x1=\"0%\" y1=\"0%\" x2=\"100%\" y2=\"0%\"><stop offset=\"0%\"   stop-color=\"#E9ECEF\"\/><stop offset=\"100%\"   stop-color=\"#ffffff\"\/><\/lineargradient><\/defs><\/svg><\/div><div class=\"elementor-element elementor-element-58ae551 e-flex e-con-boxed e-con e-parent\" data-id=\"58ae551\" data-element_type=\"container\" data-e-type=\"container\">\n\t\t\t\t\t<div class=\"e-con-inner\">\n\t\t\t\t<div class=\"elementor-element elementor-element-c41ffe1 elementor-widget elementor-widget-pix-marquee\" data-id=\"c41ffe1\" data-element_type=\"widget\" data-e-type=\"widget\" data-widget_type=\"pix-marquee.default\">\n\t\t\t\t<div class=\"elementor-widget-container\">\n\t\t\t\t\t<div id=\"el-c41ffe1\" class=\"pix-marquee-element d-flex\" ><div class=\"pix-marquee\" data-base-velocity=\"100\" data-speed=\"35\"><div class=\"marquee__inner\" aria-hidden=\"true\"><h3 class=\"pix-marquee-item text-gray-3 font-weight-bold heading-font\" style=\"\">Composite <br \/> Panel<\/h3><h3 class=\"pix-marquee-item el-c41ffe1-1  elementor-repeater-item-69083f8 text-gray-3\"><img decoding=\"async\" width=\"579\" height=\"750\" src=\"https:\/\/aluminyumkompozitpanel.com\/wp-content\/uploads\/2026\/01\/kompozit-kaplama-bina-insaat.jpg\" class=\"pix-fit-cover shadow-lg shadow-hover-lg fly-sm d-inline-block position-relative rounded-10\" alt=\"composite-cladding-building-construction\" srcset=\"https:\/\/aluminyumkompozitpanel.com\/wp-content\/uploads\/2026\/01\/kompozit-kaplama-bina-insaat.jpg 579w, https:\/\/aluminyumkompozitpanel.com\/wp-content\/uploads\/2026\/01\/kompozit-kaplama-bina-insaat-232x300.jpg 232w\" sizes=\"(max-width: 579px) 100vw, 579px\" \/><\/h3><h3 class=\"pix-marquee-item text-gray-3 font-weight-bold heading-font\" style=\"\">White Goods<br \/> Production<\/h3><h3 class=\"pix-marquee-item el-c41ffe1-3  elementor-repeater-item-5a2822f text-gray-3\"><img loading=\"lazy\" decoding=\"async\" width=\"1000\" height=\"677\" src=\"https:\/\/aluminyumkompozitpanel.com\/wp-content\/uploads\/2026\/01\/aluminyum-kompozit-a2-sinif.jpg\" class=\"pix-fit-cover shadow-lg shadow-hover-lg fly-sm d-inline-block position-relative rounded-10\" alt=\"aluminium-composite-a2-grade\" srcset=\"https:\/\/aluminyumkompozitpanel.com\/wp-content\/uploads\/2026\/01\/aluminyum-kompozit-a2-sinif.jpg 1000w, https:\/\/aluminyumkompozitpanel.com\/wp-content\/uploads\/2026\/01\/aluminyum-kompozit-a2-sinif-300x203.jpg 300w, https:\/\/aluminyumkompozitpanel.com\/wp-content\/uploads\/2026\/01\/aluminyum-kompozit-a2-sinif-768x520.jpg 768w\" sizes=\"(max-width: 1000px) 100vw, 1000px\" \/><\/h3><h3 class=\"pix-marquee-item text-gray-3 font-weight-bold heading-font\" style=\"\">Exterior Facade<br \/> Applications<\/h3><h3 class=\"pix-marquee-item el-c41ffe1-5  elementor-repeater-item-5914b5a text-gray-3\"><img loading=\"lazy\" decoding=\"async\" width=\"750\" height=\"1000\" src=\"https:\/\/aluminyumkompozitpanel.com\/wp-content\/uploads\/2026\/01\/aluminyum-kompozit-detaylari.jpg\" class=\"pix-fit-cover shadow-lg shadow-hover-lg fly-sm d-inline-block position-relative rounded-10\" alt=\"aluminium-composite-details\" srcset=\"https:\/\/aluminyumkompozitpanel.com\/wp-content\/uploads\/2026\/01\/aluminyum-kompozit-detaylari.jpg 750w, https:\/\/aluminyumkompozitpanel.com\/wp-content\/uploads\/2026\/01\/aluminyum-kompozit-detaylari-225x300.jpg 225w\" sizes=\"(max-width: 750px) 100vw, 750px\" \/><\/h3><h3 class=\"pix-marquee-item text-gray-3 font-weight-bold heading-font\" style=\"\">Aluminium  <br \/> Panel<\/h3><h3 class=\"pix-marquee-item el-c41ffe1-7  elementor-repeater-item-28540ae text-gray-3\"><img loading=\"lazy\" decoding=\"async\" width=\"1000\" height=\"667\" src=\"https:\/\/aluminyumkompozitpanel.com\/wp-content\/uploads\/2026\/01\/aluminyum-kompozit-dis-cephe-uygulamasi.jpg\" class=\"pix-fit-cover shadow-lg shadow-hover-lg fly-sm d-inline-block position-relative rounded-10\" alt=\"aluminium-composite-exterior-facade-application\" srcset=\"https:\/\/aluminyumkompozitpanel.com\/wp-content\/uploads\/2026\/01\/aluminyum-kompozit-dis-cephe-uygulamasi.jpg 1000w, https:\/\/aluminyumkompozitpanel.com\/wp-content\/uploads\/2026\/01\/aluminyum-kompozit-dis-cephe-uygulamasi-300x200.jpg 300w, https:\/\/aluminyumkompozitpanel.com\/wp-content\/uploads\/2026\/01\/aluminyum-kompozit-dis-cephe-uygulamasi-768x512.jpg 768w\" sizes=\"(max-width: 1000px) 100vw, 1000px\" \/><\/h3><\/div><\/div><\/div>\t\t\t\t<\/div>\n\t\t\t\t<\/div>\n\t\t\t\t\t<\/div>\n\t\t\t\t<\/div>\n\t\t\t\t<\/div>","protected":false},"excerpt":{"rendered":"<p>A2 s\u0131n\u0131f\u0131 dolgu malzemesi, al\u00fcminyum kompozit panel \u00fcretiminde y\u00fcksek yang\u0131n performans\u0131 gereksinimi bulunan projeler i\u00e7in geli\u015ftirilmi\u015f mineral esasl\u0131 \u00e7ekirdek \u00e7\u00f6z\u00fcm\u00fcd\u00fcr. Panelin yang\u0131na kar\u015f\u0131 davran\u0131\u015f\u0131n\u0131 belirleyen ana bile\u015fen olan bu dolgu yap\u0131s\u0131, g\u00fcvenlik odakl\u0131 mimari ve end\u00fcstriyel uygulamalarda tercih edilmektedir. A2&#8230;<\/p>","protected":false},"author":1,"featured_media":0,"parent":4297,"menu_order":0,"comment_status":"closed","ping_status":"closed","template":"","meta":{"footnotes":""},"class_list":["post-26153","page","type-page","status-publish","hentry"],"yoast_head":"<!-- This site is optimized with the Yoast SEO plugin v27.4 - https:\/\/yoast.com\/product\/yoast-seo-wordpress\/ -->\n<title>A2 S\u0131n\u0131f\u0131 Dolgu Malzemesi - a2 Core Al\u00fcminyum Kompozit Panel<\/title>\n<meta name=\"robots\" content=\"index, follow, max-snippet:-1, max-image-preview:large, max-video-preview:-1\" \/>\n<link rel=\"canonical\" href=\"https:\/\/aluminyumkompozitpanel.com\/en\/products\/a2-class-filling-material\/\" \/>\n<meta property=\"og:locale\" content=\"en_GB\" \/>\n<meta property=\"og:type\" content=\"article\" \/>\n<meta property=\"og:title\" content=\"A2 S\u0131n\u0131f\u0131 Dolgu Malzemesi - a2 Core Al\u00fcminyum Kompozit Panel\" \/>\n<meta property=\"og:description\" content=\"A2 s\u0131n\u0131f\u0131 dolgu malzemesi, al\u00fcminyum kompozit panel \u00fcretiminde y\u00fcksek yang\u0131n performans\u0131 gereksinimi bulunan projeler i\u00e7in geli\u015ftirilmi\u015f mineral esasl\u0131 \u00e7ekirdek \u00e7\u00f6z\u00fcm\u00fcd\u00fcr. Panelin yang\u0131na kar\u015f\u0131 davran\u0131\u015f\u0131n\u0131 belirleyen ana bile\u015fen olan bu dolgu yap\u0131s\u0131, g\u00fcvenlik odakl\u0131 mimari ve end\u00fcstriyel uygulamalarda tercih edilmektedir. A2...\" \/>\n<meta property=\"og:url\" content=\"https:\/\/aluminyumkompozitpanel.com\/en\/products\/a2-class-filling-material\/\" \/>\n<meta property=\"og:site_name\" content=\"a2 Core Al\u00fcminyum Kompozit Panel\" \/>\n<meta property=\"article:modified_time\" content=\"2026-02-16T12:03:54+00:00\" \/>\n<meta property=\"og:image\" content=\"https:\/\/aluminyumkompozitpanel.com\/wp-content\/uploads\/2026\/01\/b2-sinifi-aluminyum-kompozit-panel-ureticisi.jpg\" \/>\n<meta name=\"twitter:card\" content=\"summary_large_image\" \/>\n<meta name=\"twitter:label1\" content=\"Estimated reading time\" \/>\n\t<meta name=\"twitter:data1\" content=\"4 minutes\" \/>\n<script type=\"application\/ld+json\" class=\"yoast-schema-graph\">{\"@context\":\"https:\\\/\\\/schema.org\",\"@graph\":[{\"@type\":\"WebPage\",\"@id\":\"https:\\\/\\\/aluminyumkompozitpanel.com\\\/urunler\\\/a2-sinifi-dolgu-malzemesi\\\/\",\"url\":\"https:\\\/\\\/aluminyumkompozitpanel.com\\\/urunler\\\/a2-sinifi-dolgu-malzemesi\\\/\",\"name\":\"A2 S\u0131n\u0131f\u0131 Dolgu Malzemesi - a2 Core Al\u00fcminyum Kompozit Panel\",\"isPartOf\":{\"@id\":\"https:\\\/\\\/aluminyumkompozitpanel.com\\\/#website\"},\"primaryImageOfPage\":{\"@id\":\"https:\\\/\\\/aluminyumkompozitpanel.com\\\/urunler\\\/a2-sinifi-dolgu-malzemesi\\\/#primaryimage\"},\"image\":{\"@id\":\"https:\\\/\\\/aluminyumkompozitpanel.com\\\/urunler\\\/a2-sinifi-dolgu-malzemesi\\\/#primaryimage\"},\"thumbnailUrl\":\"https:\\\/\\\/aluminyumkompozitpanel.com\\\/wp-content\\\/uploads\\\/2026\\\/01\\\/b2-sinifi-aluminyum-kompozit-panel-ureticisi.jpg\",\"datePublished\":\"2026-02-13T09:53:26+00:00\",\"dateModified\":\"2026-02-16T12:03:54+00:00\",\"breadcrumb\":{\"@id\":\"https:\\\/\\\/aluminyumkompozitpanel.com\\\/urunler\\\/a2-sinifi-dolgu-malzemesi\\\/#breadcrumb\"},\"inLanguage\":\"en-GB\",\"potentialAction\":[{\"@type\":\"ReadAction\",\"target\":[\"https:\\\/\\\/aluminyumkompozitpanel.com\\\/urunler\\\/a2-sinifi-dolgu-malzemesi\\\/\"]}]},{\"@type\":\"ImageObject\",\"inLanguage\":\"en-GB\",\"@id\":\"https:\\\/\\\/aluminyumkompozitpanel.com\\\/urunler\\\/a2-sinifi-dolgu-malzemesi\\\/#primaryimage\",\"url\":\"https:\\\/\\\/aluminyumkompozitpanel.com\\\/wp-content\\\/uploads\\\/2026\\\/01\\\/b2-sinifi-aluminyum-kompozit-panel-ureticisi.jpg\",\"contentUrl\":\"https:\\\/\\\/aluminyumkompozitpanel.com\\\/wp-content\\\/uploads\\\/2026\\\/01\\\/b2-sinifi-aluminyum-kompozit-panel-ureticisi.jpg\"},{\"@type\":\"BreadcrumbList\",\"@id\":\"https:\\\/\\\/aluminyumkompozitpanel.com\\\/urunler\\\/a2-sinifi-dolgu-malzemesi\\\/#breadcrumb\",\"itemListElement\":[{\"@type\":\"ListItem\",\"position\":1,\"name\":\"Anasayfa\",\"item\":\"https:\\\/\\\/aluminyumkompozitpanel.com\\\/\"},{\"@type\":\"ListItem\",\"position\":2,\"name\":\"\u00dcr\u00fcnler\",\"item\":\"https:\\\/\\\/aluminyumkompozitpanel.com\\\/urunler\\\/\"},{\"@type\":\"ListItem\",\"position\":3,\"name\":\"A2 S\u0131n\u0131f\u0131 Dolgu Malzemesi\"}]},{\"@type\":\"WebSite\",\"@id\":\"https:\\\/\\\/aluminyumkompozitpanel.com\\\/#website\",\"url\":\"https:\\\/\\\/aluminyumkompozitpanel.com\\\/\",\"name\":\"A2 Core & B1\\\/B2 S\u0131n\u0131f\u0131 Al\u00fcminyum Kompozit Panel\",\"description\":\"Kompozit Panel \u00dcreticisi\",\"publisher\":{\"@id\":\"https:\\\/\\\/aluminyumkompozitpanel.com\\\/#organization\"},\"potentialAction\":[{\"@type\":\"SearchAction\",\"target\":{\"@type\":\"EntryPoint\",\"urlTemplate\":\"https:\\\/\\\/aluminyumkompozitpanel.com\\\/?s={search_term_string}\"},\"query-input\":{\"@type\":\"PropertyValueSpecification\",\"valueRequired\":true,\"valueName\":\"search_term_string\"}}],\"inLanguage\":\"en-GB\"},{\"@type\":\"Organization\",\"@id\":\"https:\\\/\\\/aluminyumkompozitpanel.com\\\/#organization\",\"name\":\"A2 Kompozit Teknolojileri\",\"url\":\"https:\\\/\\\/aluminyumkompozitpanel.com\\\/\",\"logo\":{\"@type\":\"ImageObject\",\"inLanguage\":\"en-GB\",\"@id\":\"https:\\\/\\\/aluminyumkompozitpanel.com\\\/#\\\/schema\\\/logo\\\/image\\\/\",\"url\":\"https:\\\/\\\/aluminyumkompozitpanel.com\\\/wp-content\\\/uploads\\\/2026\\\/01\\\/a2core-logo.png\",\"contentUrl\":\"https:\\\/\\\/aluminyumkompozitpanel.com\\\/wp-content\\\/uploads\\\/2026\\\/01\\\/a2core-logo.png\",\"width\":254,\"height\":147,\"caption\":\"A2 Kompozit Teknolojileri\"},\"image\":{\"@id\":\"https:\\\/\\\/aluminyumkompozitpanel.com\\\/#\\\/schema\\\/logo\\\/image\\\/\"}}]}<\/script>\n<!-- \/ Yoast SEO plugin. -->","yoast_head_json":{"title":"Class A2 Infill Material - a2 Core Aluminium Composite Panel","robots":{"index":"index","follow":"follow","max-snippet":"max-snippet:-1","max-image-preview":"max-image-preview:large","max-video-preview":"max-video-preview:-1"},"canonical":"https:\/\/aluminyumkompozitpanel.com\/en\/products\/a2-class-filling-material\/","og_locale":"en_GB","og_type":"article","og_title":"A2 S\u0131n\u0131f\u0131 Dolgu Malzemesi - a2 Core Al\u00fcminyum Kompozit Panel","og_description":"A2 s\u0131n\u0131f\u0131 dolgu malzemesi, al\u00fcminyum kompozit panel \u00fcretiminde y\u00fcksek yang\u0131n performans\u0131 gereksinimi bulunan projeler i\u00e7in geli\u015ftirilmi\u015f mineral esasl\u0131 \u00e7ekirdek \u00e7\u00f6z\u00fcm\u00fcd\u00fcr. Panelin yang\u0131na kar\u015f\u0131 davran\u0131\u015f\u0131n\u0131 belirleyen ana bile\u015fen olan bu dolgu yap\u0131s\u0131, g\u00fcvenlik odakl\u0131 mimari ve end\u00fcstriyel uygulamalarda tercih edilmektedir. A2...","og_url":"https:\/\/aluminyumkompozitpanel.com\/en\/products\/a2-class-filling-material\/","og_site_name":"a2 Core Al\u00fcminyum Kompozit Panel","article_modified_time":"2026-02-16T12:03:54+00:00","og_image":[{"url":"https:\/\/aluminyumkompozitpanel.com\/wp-content\/uploads\/2026\/01\/b2-sinifi-aluminyum-kompozit-panel-ureticisi.jpg","type":"","width":"","height":""}],"twitter_card":"summary_large_image","twitter_misc":{"Estimated reading time":"4 minutes"},"schema":{"@context":"https:\/\/schema.org","@graph":[{"@type":"WebPage","@id":"https:\/\/aluminyumkompozitpanel.com\/urunler\/a2-sinifi-dolgu-malzemesi\/","url":"https:\/\/aluminyumkompozitpanel.com\/urunler\/a2-sinifi-dolgu-malzemesi\/","name":"Class A2 Infill Material - a2 Core Aluminium Composite Panel","isPartOf":{"@id":"https:\/\/aluminyumkompozitpanel.com\/#website"},"primaryImageOfPage":{"@id":"https:\/\/aluminyumkompozitpanel.com\/urunler\/a2-sinifi-dolgu-malzemesi\/#primaryimage"},"image":{"@id":"https:\/\/aluminyumkompozitpanel.com\/urunler\/a2-sinifi-dolgu-malzemesi\/#primaryimage"},"thumbnailUrl":"https:\/\/aluminyumkompozitpanel.com\/wp-content\/uploads\/2026\/01\/b2-sinifi-aluminyum-kompozit-panel-ureticisi.jpg","datePublished":"2026-02-13T09:53:26+00:00","dateModified":"2026-02-16T12:03:54+00:00","breadcrumb":{"@id":"https:\/\/aluminyumkompozitpanel.com\/urunler\/a2-sinifi-dolgu-malzemesi\/#breadcrumb"},"inLanguage":"en-GB","potentialAction":[{"@type":"ReadAction","target":["https:\/\/aluminyumkompozitpanel.com\/urunler\/a2-sinifi-dolgu-malzemesi\/"]}]},{"@type":"ImageObject","inLanguage":"en-GB","@id":"https:\/\/aluminyumkompozitpanel.com\/urunler\/a2-sinifi-dolgu-malzemesi\/#primaryimage","url":"https:\/\/aluminyumkompozitpanel.com\/wp-content\/uploads\/2026\/01\/b2-sinifi-aluminyum-kompozit-panel-ureticisi.jpg","contentUrl":"https:\/\/aluminyumkompozitpanel.com\/wp-content\/uploads\/2026\/01\/b2-sinifi-aluminyum-kompozit-panel-ureticisi.jpg"},{"@type":"BreadcrumbList","@id":"https:\/\/aluminyumkompozitpanel.com\/urunler\/a2-sinifi-dolgu-malzemesi\/#breadcrumb","itemListElement":[{"@type":"ListItem","position":1,"name":"Anasayfa","item":"https:\/\/aluminyumkompozitpanel.com\/"},{"@type":"ListItem","position":2,"name":"\u00dcr\u00fcnler","item":"https:\/\/aluminyumkompozitpanel.com\/urunler\/"},{"@type":"ListItem","position":3,"name":"A2 S\u0131n\u0131f\u0131 Dolgu Malzemesi"}]},{"@type":"WebSite","@id":"https:\/\/aluminyumkompozitpanel.com\/#website","url":"https:\/\/aluminyumkompozitpanel.com\/","name":"A2 Core &amp; B1\/B2 Class Aluminium Composite Panel","description":"Composite Panel Manufacturer","publisher":{"@id":"https:\/\/aluminyumkompozitpanel.com\/#organization"},"potentialAction":[{"@type":"SearchAction","target":{"@type":"EntryPoint","urlTemplate":"https:\/\/aluminyumkompozitpanel.com\/?s={search_term_string}"},"query-input":{"@type":"PropertyValueSpecification","valueRequired":true,"valueName":"search_term_string"}}],"inLanguage":"en-GB"},{"@type":"Organization","@id":"https:\/\/aluminyumkompozitpanel.com\/#organization","name":"A2 Composite Technologies","url":"https:\/\/aluminyumkompozitpanel.com\/","logo":{"@type":"ImageObject","inLanguage":"en-GB","@id":"https:\/\/aluminyumkompozitpanel.com\/#\/schema\/logo\/image\/","url":"https:\/\/aluminyumkompozitpanel.com\/wp-content\/uploads\/2026\/01\/a2core-logo.png","contentUrl":"https:\/\/aluminyumkompozitpanel.com\/wp-content\/uploads\/2026\/01\/a2core-logo.png","width":254,"height":147,"caption":"A2 Kompozit Teknolojileri"},"image":{"@id":"https:\/\/aluminyumkompozitpanel.com\/#\/schema\/logo\/image\/"}}]}},"_links":{"self":[{"href":"https:\/\/aluminyumkompozitpanel.com\/en\/wp-json\/wp\/v2\/pages\/26153","targetHints":{"allow":["GET"]}}],"collection":[{"href":"https:\/\/aluminyumkompozitpanel.com\/en\/wp-json\/wp\/v2\/pages"}],"about":[{"href":"https:\/\/aluminyumkompozitpanel.com\/en\/wp-json\/wp\/v2\/types\/page"}],"author":[{"embeddable":true,"href":"https:\/\/aluminyumkompozitpanel.com\/en\/wp-json\/wp\/v2\/users\/1"}],"replies":[{"embeddable":true,"href":"https:\/\/aluminyumkompozitpanel.com\/en\/wp-json\/wp\/v2\/comments?post=26153"}],"version-history":[{"count":7,"href":"https:\/\/aluminyumkompozitpanel.com\/en\/wp-json\/wp\/v2\/pages\/26153\/revisions"}],"predecessor-version":[{"id":26187,"href":"https:\/\/aluminyumkompozitpanel.com\/en\/wp-json\/wp\/v2\/pages\/26153\/revisions\/26187"}],"up":[{"embeddable":true,"href":"https:\/\/aluminyumkompozitpanel.com\/en\/wp-json\/wp\/v2\/pages\/4297"}],"wp:attachment":[{"href":"https:\/\/aluminyumkompozitpanel.com\/en\/wp-json\/wp\/v2\/media?parent=26153"}],"curies":[{"name":"wp","href":"https:\/\/api.w.org\/{rel}","templated":true}]}}